{"id":387,"date":"2020-07-14T10:36:50","date_gmt":"2020-07-14T10:36:50","guid":{"rendered":"http:\/\/www.etbloom.fr\/events\/"},"modified":"2024-03-20T17:38:22","modified_gmt":"2024-03-20T16:38:22","slug":"stephanie-lieng","status":"publish","type":"page","link":"https:\/\/www.etbloom.fr\/?page_id=387","title":{"rendered":"st\u00e9phanie lieng"},"content":{"rendered":"\t\t<div data-elementor-type=\"wp-page\" data-elementor-id=\"387\" class=\"elementor elementor-387\">\n\t\t\t\t\t\t<section class=\"elementor-section elementor-top-section elementor-element elementor-element-37d2a4f elementor-section-height-min-height elementor-section-content-bottom elementor-section-items-bottom elementor-section-boxed elementor-section-height-default\" data-id=\"37d2a4f\" data-element_type=\"section\" data-e-type=\"section\" data-settings=\"{&quot;background_background&quot;:&quot;classic&quot;}\">\n\t\t\t\t\t\t\t<div class=\"elementor-background-overlay\"><\/div>\n\t\t\t\t\t\t\t<div class=\"elementor-container elementor-column-gap-no\">\n\t\t\t\t\t<div class=\"elementor-column elementor-col-100 elementor-top-column elementor-element elementor-element-559220c\" data-id=\"559220c\" data-element_type=\"column\" data-e-type=\"column\">\n\t\t\t<div class=\"elementor-widget-wrap elementor-element-populated\">\n\t\t\t\t\t\t<div class=\"elementor-element elementor-element-a508d4a elementor-widget elementor-widget-heading\" data-id=\"a508d4a\" data-element_type=\"widget\" data-e-type=\"widget\" data-widget_type=\"heading.default\">\n\t\t\t\t<div class=\"elementor-widget-container\">\n\t\t\t\t\t<h6 class=\"elementor-heading-title elementor-size-default\">\u00e0 propos de<\/h6>\t\t\t\t<\/div>\n\t\t\t\t<\/div>\n\t\t\t\t<div class=\"elementor-element elementor-element-78206bf elementor-widget elementor-widget-heading\" data-id=\"78206bf\" data-element_type=\"widget\" data-e-type=\"widget\" data-widget_type=\"heading.default\">\n\t\t\t\t<div class=\"elementor-widget-container\">\n\t\t\t\t\t<h1 class=\"elementor-heading-title elementor-size-default\">St\u00e9phanie Lieng<\/h1>\t\t\t\t<\/div>\n\t\t\t\t<\/div>\n\t\t\t\t\t<\/div>\n\t\t<\/div>\n\t\t\t\t\t<\/div>\n\t\t<\/section>\n\t\t\t\t<section class=\"elementor-section elementor-top-section elementor-element elementor-element-53d11d7 elementor-section-boxed elementor-section-height-default elementor-section-height-default\" data-id=\"53d11d7\" data-element_type=\"section\" data-e-type=\"section\" data-settings=\"{&quot;background_background&quot;:&quot;classic&quot;}\">\n\t\t\t\t\t\t<div class=\"elementor-container elementor-column-gap-default\">\n\t\t\t\t\t<div class=\"elementor-column elementor-col-100 elementor-top-column elementor-element elementor-element-a77eebb\" data-id=\"a77eebb\" data-element_type=\"column\" data-e-type=\"column\">\n\t\t\t<div class=\"elementor-widget-wrap elementor-element-populated\">\n\t\t\t\t\t\t<div class=\"elementor-element elementor-element-7a517d8 elementor-widget elementor-widget-spacer\" data-id=\"7a517d8\" data-element_type=\"widget\" data-e-type=\"widget\" data-widget_type=\"spacer.default\">\n\t\t\t\t<div class=\"elementor-widget-container\">\n\t\t\t\t\t\t\t<div class=\"elementor-spacer\">\n\t\t\t<div class=\"elementor-spacer-inner\"><\/div>\n\t\t<\/div>\n\t\t\t\t\t\t<\/div>\n\t\t\t\t<\/div>\n\t\t\t\t<div class=\"elementor-element elementor-element-ad939b4 elementor-widget elementor-widget-heading\" data-id=\"ad939b4\" data-element_type=\"widget\" data-e-type=\"widget\" data-widget_type=\"heading.default\">\n\t\t\t\t<div class=\"elementor-widget-container\">\n\t\t\t\t\t<h6 class=\"elementor-heading-title elementor-size-default\">MON PARCOURS DE VIE<\/h6>\t\t\t\t<\/div>\n\t\t\t\t<\/div>\n\t\t\t\t<div class=\"elementor-element elementor-element-0bcb43d elementor-widget-divider--view-line elementor-widget elementor-widget-divider\" data-id=\"0bcb43d\" data-element_type=\"widget\" data-e-type=\"widget\" data-widget_type=\"divider.default\">\n\t\t\t\t<div class=\"elementor-widget-container\">\n\t\t\t\t\t\t\t<div class=\"elementor-divider\">\n\t\t\t<span class=\"elementor-divider-separator\">\n\t\t\t\t\t\t<\/span>\n\t\t<\/div>\n\t\t\t\t\t\t<\/div>\n\t\t\t\t<\/div>\n\t\t\t\t<section class=\"elementor-section elementor-inner-section elementor-element elementor-element-a2046d3 elementor-section-boxed elementor-section-height-default elementor-section-height-default\" data-id=\"a2046d3\" data-element_type=\"section\" data-e-type=\"section\">\n\t\t\t\t\t\t<div class=\"elementor-container elementor-column-gap-default\">\n\t\t\t\t\t<div class=\"elementor-column elementor-col-50 elementor-inner-column elementor-element elementor-element-7dc5b70\" data-id=\"7dc5b70\" data-element_type=\"column\" data-e-type=\"column\">\n\t\t\t<div class=\"elementor-widget-wrap elementor-element-populated\">\n\t\t\t\t\t\t<div class=\"elementor-element elementor-element-7deb0a4 elementor-widget__width-initial elementor-widget elementor-widget-text-editor\" data-id=\"7deb0a4\" data-element_type=\"widget\" data-e-type=\"widget\" data-widget_type=\"text-editor.default\">\n\t\t\t\t<div class=\"elementor-widget-container\">\n\t\t\t\t\t\t\t\t\t<p style=\"font-size: 16px; font-style: normal;\">Enracin\u00e9e dans une histoire familiale tiss\u00e9e de diversit\u00e9s culturelles et de migrations, cette mosa\u00efque d\u2019identit\u00e9s a enrichi mon parcours de vie.<\/p>\n<p style=\"font-size: 16px; font-style: normal;\">Ces influences intrins\u00e8ques m&rsquo;ont initialement orient\u00e9e vers une carri\u00e8re toute trac\u00e9e dans un contexte multiculturel. Confront\u00e9e \u00e0 certaines r\u00e9alit\u00e9s du monde professionnel, j&rsquo;ai ressenti le besoin de m&rsquo;extraire de ce tunnel m\u00e9tallique pour explorer&nbsp;<strong>des voies plus align\u00e9es avec ma sensibilit\u00e9<\/strong>.<\/p>\n<p style=\"font-size: 16px; font-style: normal;\">Avant d&rsquo;entamer une reconversion professionnelle, j\u2019ai d\u2019abord t\u00e2tonn\u00e9. En faisant confiance \u00e0 ce qui se pr\u00e9sentait \u00e0 moi, j\u2019ai d\u00e9couvert la sophrologie qui m&rsquo;a fait prendre conscience de l&rsquo;importance des \u00e9motions et de&nbsp;<strong>l\u2019\u00e9quilibre du c\u0153ur, du corps et de l\u2019esprit.<\/strong>&nbsp;La naturopathie a ensuite \u00e9veill\u00e9 ma conscience sur l&rsquo;importance d&rsquo;un retour \u00e0 soi. Cette \u00e9volution naturelle m&rsquo;a conduit \u00e0 la d\u00e9couverte du coaching, un moyen d\u2019accompagner mes clients dans la prise en main de leur transformation int\u00e9rieure.<\/p>\n<p style=\"font-size: 16px; font-style: normal;\">Cette d\u00e9marche introspective a approfondi les questionnements sur mon identit\u00e9, remettant en cause les cases dans lesquelles je ne me reconnaissais pas. J\u2019ai ainsi explor\u00e9 diff\u00e9rents champs relevant d\u2019<strong>une meilleure connaissance de soi et de son fonctionnement<\/strong>&nbsp;(psychosociologie, neurosciences, intelligence \u00e9motionnelle, HPS, d\u00e9veloppement personnel\u2026) qui m\u2019ont men\u00e9 vers une \u00e9vidence.<\/p>\n<p style=\"font-size: 16px; font-style: normal;\">Mon unicit\u00e9 est un tissage d\u2019une diversit\u00e9 riche et complexe qui entre dans la case de&nbsp;<strong>l\u2019inclusivit\u00e9<\/strong>.<\/p>\n<p style=\"font-size: 16px; font-style: normal;\">Mon engagement envers l&rsquo;inclusivit\u00e9, forg\u00e9 par mon parcours de vie, est le socle de ma pratique de coaching holistique, en constante \u00e9volution au fil des rencontres et des explorations.<\/p>\t\t\t\t\t\t\t\t<\/div>\n\t\t\t\t<\/div>\n\t\t\t\t\t<\/div>\n\t\t<\/div>\n\t\t\t\t<div class=\"elementor-column elementor-col-50 elementor-inner-column elementor-element elementor-element-7ae505b\" data-id=\"7ae505b\" data-element_type=\"column\" data-e-type=\"column\" data-settings=\"{&quot;background_background&quot;:&quot;classic&quot;}\">\n\t\t\t<div class=\"elementor-widget-wrap elementor-element-populated\">\n\t\t\t\t\t\t<div class=\"elementor-element elementor-element-ab61e93 elementor-list-item-link-full_width elementor-widget elementor-widget-icon-list\" data-id=\"ab61e93\" data-element_type=\"widget\" data-e-type=\"widget\" data-widget_type=\"icon-list.default\">\n\t\t\t\t<div class=\"elementor-widget-container\">\n\t\t\t\t\t\t\t<ul class=\"elementor-icon-list-items\">\n\t\t\t\t\t\t\t<li class=\"elementor-icon-list-item\">\n\t\t\t\t\t\t\t\t\t\t\t<span class=\"elementor-icon-list-icon\">\n\t\t\t\t\t\t\t<i aria-hidden=\"true\" class=\"fas fa-angle-right\"><\/i>\t\t\t\t\t\t<\/span>\n\t\t\t\t\t\t\t\t\t\t<span class=\"elementor-icon-list-text\"><span style=\"font-weight: 700;font-size: 12px;letter-spacing: 1px;text-transform: uppercase\">COACH PROFESSIONNEL<br><\/span><span style=\"font-size: 12px;letter-spacing: 1px;text-transform: uppercase\">FORMATION CERTIFIANTE ICF \/ RNCP<\/span><br><span style=\"font-size: 12px;letter-spacing: 1px;text-transform: uppercase\">COACHING WAYS<\/span><\/span>\n\t\t\t\t\t\t\t\t\t<\/li>\n\t\t\t\t\t\t\t\t<li class=\"elementor-icon-list-item\">\n\t\t\t\t\t\t\t\t\t\t\t<span class=\"elementor-icon-list-icon\">\n\t\t\t\t\t\t\t<i aria-hidden=\"true\" class=\"fas fa-angle-right\"><\/i>\t\t\t\t\t\t<\/span>\n\t\t\t\t\t\t\t\t\t\t<span class=\"elementor-icon-list-text\"><span style=\"font-weight: 700;font-size: 12px;letter-spacing: 1px;text-transform: uppercase\">SOPHROLOGUE<br><\/span><span style=\"font-size: 12px;letter-spacing: 1px;text-transform: uppercase\">CERTIFICATION PROFESSIONNELLE RNCP <\/span><br><span style=\"font-size: 12px;letter-spacing: 1px;text-transform: uppercase\">IFS Paris - Institut francais de la sophrologie<\/span><\/span>\n\t\t\t\t\t\t\t\t\t<\/li>\n\t\t\t\t\t\t\t\t<li class=\"elementor-icon-list-item\">\n\t\t\t\t\t\t\t\t\t\t\t<span class=\"elementor-icon-list-icon\">\n\t\t\t\t\t\t\t<i aria-hidden=\"true\" class=\"fas fa-angle-right\"><\/i>\t\t\t\t\t\t<\/span>\n\t\t\t\t\t\t\t\t\t\t<span class=\"elementor-icon-list-text\"><span style=\"font-weight: 700;font-size: 12px;letter-spacing: 1px;text-transform: uppercase\">Praticienne EQ-i 2.0 &amp; EQ 360<\/span><br><span style=\"font-size: 12px;letter-spacing: 1px;text-transform: uppercase\">Certification ACCR\u00c9DIT\u00c9E ICF<\/span><br><span style=\"font-size: 12px;letter-spacing: 1px;text-transform: uppercase\">centre DE L'INTELLIGENCE \u00c9MOTIONNELLE<\/span><\/span>\n\t\t\t\t\t\t\t\t\t<\/li>\n\t\t\t\t\t\t\t\t<li class=\"elementor-icon-list-item\">\n\t\t\t\t\t\t\t\t\t\t\t<span class=\"elementor-icon-list-icon\">\n\t\t\t\t\t\t\t<i aria-hidden=\"true\" class=\"fas fa-angle-right\"><\/i>\t\t\t\t\t\t<\/span>\n\t\t\t\t\t\t\t\t\t\t<span class=\"elementor-icon-list-text\"><span style=\"font-weight: 700;font-size: 12px;letter-spacing: 1px;text-transform: uppercase\">Praticienne MBTI 1 &amp; 2<br><\/span><span style=\"font-size: 12px;letter-spacing: 1px;text-transform: uppercase\">Certification ACCR\u00c9DIT\u00c9E ICF<\/span><br><span><span style=\"font-size: 12px;letter-spacing: 1px;text-transform: uppercase\">The Myers-BRIGGS company limiteD<\/span><\/span><span><span style=\"font-size: 12px;letter-spacing: 1px;text-transform: uppercase\">  <\/span><\/span><span style=\"font-size: 12px;letter-spacing: 1px;text-transform: uppercase\"> <\/span><\/span>\n\t\t\t\t\t\t\t\t\t<\/li>\n\t\t\t\t\t\t\t\t<li class=\"elementor-icon-list-item\">\n\t\t\t\t\t\t\t\t\t\t\t<span class=\"elementor-icon-list-icon\">\n\t\t\t\t\t\t\t<i aria-hidden=\"true\" class=\"fas fa-angle-right\"><\/i>\t\t\t\t\t\t<\/span>\n\t\t\t\t\t\t\t\t\t\t<span class=\"elementor-icon-list-text\"><span style=\"font-weight: 700;font-size: 12px;letter-spacing: 1px;text-transform: uppercase\">naturopathe - praticienne de sant\u00e9<br><\/span><span style=\"font-size: 12px;letter-spacing: 1px;text-transform: uppercase\">CERTIFI\u00e9e fena <\/span><br><span style=\"font-size: 12px;letter-spacing: 1px;text-transform: uppercase\">CENATHO - Coll\u00e8ge europ\u00e9en de naturopathie holistique <\/span><\/span>\n\t\t\t\t\t\t\t\t\t<\/li>\n\t\t\t\t\t\t\t\t<li class=\"elementor-icon-list-item\">\n\t\t\t\t\t\t\t\t\t\t\t<span class=\"elementor-icon-list-icon\">\n\t\t\t\t\t\t\t<i aria-hidden=\"true\" class=\"fas fa-angle-right\"><\/i>\t\t\t\t\t\t<\/span>\n\t\t\t\t\t\t\t\t\t\t<span class=\"elementor-icon-list-text\"><span style=\"font-weight: 700;font-size: 12px;letter-spacing: 1px;text-transform: uppercase\">COMPRENDRE ET REP\u00c9RER LA HAUTE SENSIBILIT\u00c9<br><\/span><span style=\"font-size: 12px;letter-spacing: 1px;text-transform: uppercase\">FORMATION SUR LE HAUT POTENTIEL SENSIBLE<\/span><br><span style=\"font-size: 12px;letter-spacing: 1px;text-transform: uppercase\">\u00c9LODIE CR\u00c9PEL - SP\u00c9CIALISTE DE L'HYPERSENSBILIT\u00c9 ET DE LA DOUANCE<\/span><\/span>\n\t\t\t\t\t\t\t\t\t<\/li>\n\t\t\t\t\t\t<\/ul>\n\t\t\t\t\t\t<\/div>\n\t\t\t\t<\/div>\n\t\t\t\t\t<\/div>\n\t\t<\/div>\n\t\t\t\t\t<\/div>\n\t\t<\/section>\n\t\t\t\t\t<\/div>\n\t\t<\/div>\n\t\t\t\t\t<\/div>\n\t\t<\/section>\n\t\t\t\t<section class=\"elementor-section elementor-top-section elementor-element elementor-element-c6ef272 elementor-section-boxed elementor-section-height-default elementor-section-height-default\" data-id=\"c6ef272\" data-element_type=\"section\" data-e-type=\"section\" data-settings=\"{&quot;background_background&quot;:&quot;classic&quot;}\">\n\t\t\t\t\t\t\t<div class=\"elementor-background-overlay\"><\/div>\n\t\t\t\t\t\t\t<div class=\"elementor-container elementor-column-gap-no\">\n\t\t\t\t\t<div class=\"elementor-column elementor-col-100 elementor-top-column elementor-element elementor-element-a2ba3e3\" data-id=\"a2ba3e3\" data-element_type=\"column\" data-e-type=\"column\" data-settings=\"{&quot;background_background&quot;:&quot;classic&quot;}\">\n\t\t\t<div class=\"elementor-widget-wrap elementor-element-populated\">\n\t\t\t\t\t\t<div class=\"elementor-element elementor-element-93044e1 elementor-widget elementor-widget-heading\" data-id=\"93044e1\" data-element_type=\"widget\" data-e-type=\"widget\" data-widget_type=\"heading.default\">\n\t\t\t\t<div class=\"elementor-widget-container\">\n\t\t\t\t\t<span class=\"elementor-heading-title elementor-size-default\">Ma mission<\/span>\t\t\t\t<\/div>\n\t\t\t\t<\/div>\n\t\t\t\t<div class=\"elementor-element elementor-element-ce97aea elementor-widget-divider--view-line elementor-widget elementor-widget-divider\" data-id=\"ce97aea\" data-element_type=\"widget\" data-e-type=\"widget\" data-widget_type=\"divider.default\">\n\t\t\t\t<div class=\"elementor-widget-container\">\n\t\t\t\t\t\t\t<div class=\"elementor-divider\">\n\t\t\t<span class=\"elementor-divider-separator\">\n\t\t\t\t\t\t<\/span>\n\t\t<\/div>\n\t\t\t\t\t\t<\/div>\n\t\t\t\t<\/div>\n\t\t\t\t<div class=\"elementor-element elementor-element-2ab256b elementor-align-start elementor-list-item-link-full_width elementor-widget elementor-widget-icon-list\" data-id=\"2ab256b\" data-element_type=\"widget\" data-e-type=\"widget\" data-widget_type=\"icon-list.default\">\n\t\t\t\t<div class=\"elementor-widget-container\">\n\t\t\t\t\t\t\t<ul class=\"elementor-icon-list-items\">\n\t\t\t\t\t\t\t<li class=\"elementor-icon-list-item\">\n\t\t\t\t\t\t\t\t\t\t<span class=\"elementor-icon-list-text\">Mon engagement r\u00e9side dans la cr\u00e9ation d'un <b>espace d\u2019apprentissage empreint d\u2019empathie<\/b>, o\u00f9 l'exploration des \u00e9motions et la d\u00e9couverte de soi sont au c\u0153ur du processus.<br><br>Que ce soit dans un cadre collectif ou lors d'accompagnements individuels, mon objectif est de guider et d'accompagner chaque personne vers une harmonisation profonde de son \u00e9quilibre de vie, o\u00f9 elle peut explorer, comprendre et <b>\u00e9quilibrer les multiples dimensions de son \u00catre.<\/b> <br><br>Ces moments d\u2019alignement personnel d\u00e9montrent que la d\u00e9couverte de soi r\u00e9v\u00e8le un <b>m\u00e9tissage riche et positif<\/b>. C'est dans ces moments de transformation personnelle que je trouve ma plus grande motivation, contribuant ainsi \u00e0 la construction d'un monde o\u00f9 la diversit\u00e9 est c\u00e9l\u00e9br\u00e9e et o\u00f9 chacun peut \u00eatre en accord avec son identit\u00e9 riche et complexe.<\/span>\n\t\t\t\t\t\t\t\t\t<\/li>\n\t\t\t\t\t\t<\/ul>\n\t\t\t\t\t\t<\/div>\n\t\t\t\t<\/div>\n\t\t\t\t\t<\/div>\n\t\t<\/div>\n\t\t\t\t\t<\/div>\n\t\t<\/section>\n\t\t\t\t<section class=\"elementor-section elementor-top-section elementor-element elementor-element-cf2aaf8 elementor-section-boxed elementor-section-height-default elementor-section-height-default\" data-id=\"cf2aaf8\" data-element_type=\"section\" data-e-type=\"section\" data-settings=\"{&quot;background_background&quot;:&quot;classic&quot;}\">\n\t\t\t\t\t\t<div class=\"elementor-container elementor-column-gap-default\">\n\t\t\t\t\t<div class=\"elementor-column elementor-col-100 elementor-top-column elementor-element elementor-element-68fd3f1\" data-id=\"68fd3f1\" data-element_type=\"column\" data-e-type=\"column\">\n\t\t\t<div class=\"elementor-widget-wrap elementor-element-populated\">\n\t\t\t\t\t\t<div class=\"elementor-element elementor-element-1c73355 elementor-widget elementor-widget-heading\" data-id=\"1c73355\" data-element_type=\"widget\" data-e-type=\"widget\" data-widget_type=\"heading.default\">\n\t\t\t\t<div class=\"elementor-widget-container\">\n\t\t\t\t\t<h6 class=\"elementor-heading-title elementor-size-default\">Si j'\u00e9tais...<\/h6>\t\t\t\t<\/div>\n\t\t\t\t<\/div>\n\t\t\t\t<section class=\"elementor-section elementor-inner-section elementor-element elementor-element-1db10da elementor-section-boxed elementor-section-height-default elementor-section-height-default\" data-id=\"1db10da\" data-element_type=\"section\" data-e-type=\"section\" data-settings=\"{&quot;background_background&quot;:&quot;classic&quot;}\">\n\t\t\t\t\t\t<div class=\"elementor-container elementor-column-gap-default\">\n\t\t\t\t\t<div class=\"elementor-column elementor-col-100 elementor-inner-column elementor-element elementor-element-443c4e5\" data-id=\"443c4e5\" data-element_type=\"column\" data-e-type=\"column\">\n\t\t\t<div class=\"elementor-widget-wrap elementor-element-populated\">\n\t\t\t\t\t\t<div class=\"elementor-element elementor-element-1f4d882 elementor-widget elementor-widget-text-editor\" data-id=\"1f4d882\" data-element_type=\"widget\" data-e-type=\"widget\" data-widget_type=\"text-editor.default\">\n\t\t\t\t<div class=\"elementor-widget-container\">\n\t\t\t\t\t\t\t\t\t<p style=\"font-weight: 400;\"><strong>Un animal, je serais un chat\u00a0<\/strong><\/p><p style=\"font-weight: 400;\"><span style=\"color: #000000;\">Doux, myst\u00e9rieux, et solitaire, il se retire du monde pour prendre soin de lui, r\u00e9cup\u00e9rer, \u00e0 l\u2019\u00e9coute de ses besoins. Une fois repos\u00e9, il est pr\u00eat \u00e0 socialiser, jouer, c\u00e2liner, ronronner, et d\u00e9couvrir, red\u00e9couvrir le monde, comme si c\u2019\u00e9tait la premi\u00e8re fois.<\/span> <span style=\"color: #000000;\">\u00a0<\/span>\u00a0<\/p><p style=\"font-weight: 400;\">\u00a0<\/p><p style=\"font-weight: 400;\"><strong><span style=\"color: #000000;\">Un fruit, je serais un pamplemousse<\/span>\u00a0<\/strong><\/p><p style=\"font-weight: 400;\"><span style=\"color: #000000;\">Le mot en lui-m\u00eame me met en joie\u00a0! A la fois pimpante et suave, la sonorit\u00e9 du mot r\u00e9v\u00e8le une douce amertume \u00e9quilibr\u00e9e par une acidit\u00e9 stimulante. La chair rose, \u00e9clatante et enveloppante, en fait un de mes agrumes solaires pr\u00e9f\u00e9r\u00e9s. Et, Pomme le loup, IYKYK.<\/span>\u00a0<\/p><p style=\"font-weight: 400;\">\u00a0<\/p><p style=\"font-weight: 400;\"><strong><span style=\"color: #000000;\">Un rituel, je serais le caf\u00e9 du matin<\/span>\u00a0<\/strong><\/p><p style=\"font-weight: 400;\"><span style=\"color: #000000;\">Le mode de pr\u00e9paration va d\u00e9pendre de mon mood, de ce que je vais partager, mais les sens \u00e9veill\u00e9s sont les m\u00eames. Sentir le mug chaud dans les mains, \u00eatre captiv\u00e9e par l\u2019or noir fumant, humer le parfum enivrant, sentir la douce amertume ronde et enveloppante en bouche, en \u00e9coutant le silence du lever du soleil. C\u2019est mon bonheur \u00e0 chaque r\u00e9veil.<\/span> <span style=\"color: #000000;\">\u00a0<\/span>\u00a0<\/p><p style=\"font-weight: 400;\">\u00a0<\/p><p style=\"font-weight: 400;\"><strong>Une ombre, je serais le doute, permanent\u00a0<\/strong><\/p><p style=\"font-weight: 400;\">Remettre en question ce qui m\u2019est acquis est une seconde nature. Quel est le sens de ce que j\u2019entreprends\u00a0? Quelle en est la finalit\u00e9\u00a0? Est-ce align\u00e9 avec mes valeurs ? Cette ombre m\u2019a permis de changer de quotidien, d\u2019entamer une reconversion professionnelle plus align\u00e9e avec mes convictions.<\/p>\t\t\t\t\t\t\t\t<\/div>\n\t\t\t\t<\/div>\n\t\t\t\t\t<\/div>\n\t\t<\/div>\n\t\t\t\t\t<\/div>\n\t\t<\/section>\n\t\t\t\t<div class=\"elementor-element elementor-element-541121e elementor-widget-divider--view-line elementor-widget elementor-widget-divider\" data-id=\"541121e\" data-element_type=\"widget\" data-e-type=\"widget\" data-widget_type=\"divider.default\">\n\t\t\t\t<div class=\"elementor-widget-container\">\n\t\t\t\t\t\t\t<div class=\"elementor-divider\">\n\t\t\t<span class=\"elementor-divider-separator\">\n\t\t\t\t\t\t<\/span>\n\t\t<\/div>\n\t\t\t\t\t\t<\/div>\n\t\t\t\t<\/div>\n\t\t\t\t\t<\/div>\n\t\t<\/div>\n\t\t\t\t\t<\/div>\n\t\t<\/section>\n\t\t\t\t<section class=\"elementor-section elementor-top-section elementor-element elementor-element-21fa097 elementor-section-boxed elementor-section-height-default elementor-section-height-default\" data-id=\"21fa097\" data-element_type=\"section\" data-e-type=\"section\" data-settings=\"{&quot;background_background&quot;:&quot;classic&quot;}\">\n\t\t\t\t\t\t<div class=\"elementor-container elementor-column-gap-default\">\n\t\t\t\t\t<div class=\"elementor-column elementor-col-100 elementor-top-column elementor-element elementor-element-1f8b2e2\" data-id=\"1f8b2e2\" data-element_type=\"column\" data-e-type=\"column\">\n\t\t\t<div class=\"elementor-widget-wrap elementor-element-populated\">\n\t\t\t\t\t\t<div class=\"elementor-element elementor-element-45ad65a elementor-widget elementor-widget-spacer\" data-id=\"45ad65a\" data-element_type=\"widget\" data-e-type=\"widget\" data-widget_type=\"spacer.default\">\n\t\t\t\t<div class=\"elementor-widget-container\">\n\t\t\t\t\t\t\t<div class=\"elementor-spacer\">\n\t\t\t<div class=\"elementor-spacer-inner\"><\/div>\n\t\t<\/div>\n\t\t\t\t\t\t<\/div>\n\t\t\t\t<\/div>\n\t\t\t\t\t<\/div>\n\t\t<\/div>\n\t\t\t\t\t<\/div>\n\t\t<\/section>\n\t\t\t\t<section class=\"elementor-section elementor-top-section elementor-element elementor-element-41d1ee2 elementor-section-boxed elementor-section-height-default elementor-section-height-default\" data-id=\"41d1ee2\" data-element_type=\"section\" data-e-type=\"section\">\n\t\t\t\t\t\t<div class=\"elementor-container elementor-column-gap-default\">\n\t\t\t\t\t<div class=\"elementor-column elementor-col-100 elementor-top-column elementor-element elementor-element-0c50fba\" data-id=\"0c50fba\" data-element_type=\"column\" data-e-type=\"column\">\n\t\t\t<div class=\"elementor-widget-wrap\">\n\t\t\t\t\t\t\t<\/div>\n\t\t<\/div>\n\t\t\t\t\t<\/div>\n\t\t<\/section>\n\t\t\t\t<\/div>\n\t\t","protected":false},"excerpt":{"rendered":"<p>\u00e0 propos de St\u00e9phanie Lieng MON PARCOURS DE VIE Enracin\u00e9e dans une histoire familiale tiss\u00e9e de diversit\u00e9s culturelles et de migrations, cette mosa\u00efque d\u2019identit\u00e9s a enrichi mon parcours de vie. Ces influences intrins\u00e8ques m&rsquo;ont initialement orient\u00e9e vers une carri\u00e8re toute trac\u00e9e dans un contexte multiculturel. Confront\u00e9e \u00e0 certaines r\u00e9alit\u00e9s du monde professionnel, j&rsquo;ai ressenti le &hellip;<\/p>\n<p class=\"read-more\"> <a class=\"\" href=\"https:\/\/www.etbloom.fr\/?page_id=387\"> <span class=\"screen-reader-text\">st\u00e9phanie lieng<\/span> Lire la suite\u00a0\u00bb<\/a><\/p>\n","protected":false},"author":1,"featured_media":0,"parent":0,"menu_order":0,"comment_status":"closed","ping_status":"closed","template":"","meta":{"footnotes":""},"class_list":["post-387","page","type-page","status-publish","hentry"],"_links":{"self":[{"href":"https:\/\/www.etbloom.fr\/index.php?rest_route=\/wp\/v2\/pages\/387","targetHints":{"allow":["GET"]}}],"collection":[{"href":"https:\/\/www.etbloom.fr\/index.php?rest_route=\/wp\/v2\/pages"}],"about":[{"href":"https:\/\/www.etbloom.fr\/index.php?rest_route=\/wp\/v2\/types\/page"}],"author":[{"embeddable":true,"href":"https:\/\/www.etbloom.fr\/index.php?rest_route=\/wp\/v2\/users\/1"}],"replies":[{"embeddable":true,"href":"https:\/\/www.etbloom.fr\/index.php?rest_route=%2Fwp%2Fv2%2Fcomments&post=387"}],"version-history":[{"count":629,"href":"https:\/\/www.etbloom.fr\/index.php?rest_route=\/wp\/v2\/pages\/387\/revisions"}],"predecessor-version":[{"id":22397,"href":"https:\/\/www.etbloom.fr\/index.php?rest_route=\/wp\/v2\/pages\/387\/revisions\/22397"}],"wp:attachment":[{"href":"https:\/\/www.etbloom.fr\/index.php?rest_route=%2Fwp%2Fv2%2Fmedia&parent=387"}],"curies":[{"name":"wp","href":"https:\/\/api.w.org\/{rel}","templated":true}]}}